{"id":91,"date":"2023-02-28T13:32:41","date_gmt":"2023-02-28T12:32:41","guid":{"rendered":"http:\/\/rlchorf.cluster027.hosting.ovh.net\/?page_id=91"},"modified":"2025-10-24T23:59:01","modified_gmt":"2025-10-24T21:59:01","slug":"devenir-partenaires","status":"publish","type":"page","link":"https:\/\/www.rlchornu.be\/index.php\/devenir-partenaires\/","title":{"rendered":"DEVENIR PARTENAIRES ? pour 2025-2026"},"content":{"rendered":"\n<blockquote class=\"wp-block-quote is-layout-flow wp-block-quote-is-layout-flow\">\n<p>Envie de rejoindre la familles des partenaires du RLC HORNU ?<\/p>\n\n\n\n<p>Prenez contact avec Monsieur Guy Nita au 0486.42.32.95 (Pr\u00e9sident de l\u2019A.S.B.L)<\/p>\n<\/blockquote>\n\n\n\n<p>Document \u00e0 t\u00e9l\u00e9charger:  en construction.<\/p>\n","protected":false},"excerpt":{"rendered":"<p>Envie de rejoindre la familles des partenaires du RLC HORNU ? Prenez contact avec Monsieur Guy Nita au 0486.42.32.95 (Pr\u00e9sident de l\u2019A.S.B.L) Document \u00e0 t\u00e9l\u00e9charger: en construction.<\/p>\n","protected":false},"author":1,"featured_media":0,"parent":0,"menu_order":0,"comment_status":"closed","ping_status":"closed","template":"","meta":{"footnotes":""},"class_list":["post-91","page","type-page","status-publish","hentry"],"jetpack_sharing_enabled":true,"_links":{"self":[{"href":"https:\/\/www.rlchornu.be\/index.php\/wp-json\/wp\/v2\/pages\/91","targetHints":{"allow":["GET"]}}],"collection":[{"href":"https:\/\/www.rlchornu.be\/index.php\/wp-json\/wp\/v2\/pages"}],"about":[{"href":"https:\/\/www.rlchornu.be\/index.php\/wp-json\/wp\/v2\/types\/page"}],"author":[{"embeddable":true,"href":"https:\/\/www.rlchornu.be\/index.php\/wp-json\/wp\/v2\/users\/1"}],"replies":[{"embeddable":true,"href":"https:\/\/www.rlchornu.be\/index.php\/wp-json\/wp\/v2\/comments?post=91"}],"version-history":[{"count":5,"href":"https:\/\/www.rlchornu.be\/index.php\/wp-json\/wp\/v2\/pages\/91\/revisions"}],"predecessor-version":[{"id":424,"href":"https:\/\/www.rlchornu.be\/index.php\/wp-json\/wp\/v2\/pages\/91\/revisions\/424"}],"wp:attachment":[{"href":"https:\/\/www.rlchornu.be\/index.php\/wp-json\/wp\/v2\/media?parent=91"}],"curies":[{"name":"wp","href":"https:\/\/api.w.org\/{rel}","templated":true}]}}