{"id":101,"date":"2023-02-28T13:41:01","date_gmt":"2023-02-28T12:41:01","guid":{"rendered":"http:\/\/rlchorf.cluster027.hosting.ovh.net\/?page_id=101"},"modified":"2023-02-28T13:41:01","modified_gmt":"2023-02-28T12:41:01","slug":"description-du-club","status":"publish","type":"page","link":"https:\/\/www.rlchornu.be\/index.php\/description-du-club\/","title":{"rendered":"DESCRIPTION DU CLUB"},"content":{"rendered":"\n<h2 class=\"wp-block-heading\">Une petite description du CLUB:<\/h2>\n\n\n\n<p>Un peu d\u2019histoire:<\/p>\n\n\n\n<blockquote class=\"wp-block-quote is-layout-flow wp-block-quote-is-layout-flow\">\n<p>Le Royal L\u00e9opold Club Hornu est un club bas\u00e9 \u00e0 Hornu, dans le Hainaut. Le club est fond\u00e9 en 1921 et porte le matricule 129. Au cours de son Histoire, il dispute 7 saisons dans les s\u00e9ries nationales, dont 3 au troisi\u00e8me niveau. Ses couleurs principales \u00e9taient le bleu et le jaune). Avec l\u2019arriv\u00e9e du nouveau pr\u00e9sident, le club adopte le bleu et le blanc pour ses futures tenues. Un premier club de football est mis sur pied \u00e0 Hornu et affili\u00e9 \u00e0 l\u2019Union Belge d\u00e8s 1918, mais est dissous peu apr\u00e8s. Le L\u00e9opold Club Hornu est lui fond\u00e9 en 1921, d\u2019abord en tant qu\u2019association omnisports, mais bien vite le club se consacre exclusivement au football. Il s\u2019affilie \u00e9galement \u00e0 l\u2019Union Belge, qui le verse dans les divisions r\u00e9gionales du Hainaut. En d\u00e9cembre 1926, il re\u00e7oit le matricule 129..<\/p>\n<\/blockquote>\n\n\n\n<p>Des petits changements pour la saison 2022-2023:<\/p>\n\n\n\n<blockquote class=\"wp-block-quote is-layout-flow wp-block-quote-is-layout-flow\">\n<p>L\u2019A.S.B.L R.L.C HORNU va connaitre une toute nouvelle structure pour la transition 2022-2023 avec la mise en place d\u2019une nouvelle structure hi\u00e9rarchique pla\u00e7ant l\u2019\u00e9cole des jeunes comme vecteur de son activit\u00e9. Actuellement nous avons deux sites ( Site BARBET \u00e0 la rue du commerce et le site de Binche \u2013 Rue de Binche, et nous accueillons +- 250 affili\u00e9s dont 15 \u00e9quipes engag\u00e9es en comp\u00e9titions. Nous disposons actuellement du label 1 \u00e9toile de l\u2019A.C.F.F et une dizaines de formateurs dipl\u00f4m\u00e9s. Le club de football d\u2019Hornu offre \u00e0 ses affili\u00e9s la possibilit\u00e9 de pratiquer leur sport dans le respect de l\u2019esprit du football mais en v\u00e9hiculant ses propres valeurs\u2026<\/p>\n<\/blockquote>\n\n\n\n<p>Un organigramme vous sera bient\u00f4t disponible&nbsp;!<\/p>\n","protected":false},"excerpt":{"rendered":"<p>Une petite description du CLUB: Un peu d\u2019histoire: Le Royal L\u00e9opold Club Hornu est un club bas\u00e9 \u00e0 Hornu, dans le Hainaut. Le club est fond\u00e9 en 1921 et porte le matricule 129. Au cours de son Histoire, il dispute 7 saisons dans les s\u00e9ries nationales, dont 3 au troisi\u00e8me niveau. Ses couleurs principales \u00e9taient le bleu et le jaune). Avec l\u2019arriv\u00e9e du nouveau pr\u00e9sident, le club adopte le bleu et le blanc pour ses futures tenues. Un premier club&#8230;<\/p>\n<p class=\"read-more\"><a class=\"btn btn-default\" href=\"https:\/\/www.rlchornu.be\/index.php\/description-du-club\/\">Lire la suite<span class=\"screen-reader-text\"> Lire la suite<\/span><\/a><\/p>\n","protected":false},"author":1,"featured_media":0,"parent":0,"menu_order":0,"comment_status":"closed","ping_status":"closed","template":"","meta":{"footnotes":""},"class_list":["post-101","page","type-page","status-publish","hentry"],"jetpack_sharing_enabled":true,"_links":{"self":[{"href":"https:\/\/www.rlchornu.be\/index.php\/wp-json\/wp\/v2\/pages\/101","targetHints":{"allow":["GET"]}}],"collection":[{"href":"https:\/\/www.rlchornu.be\/index.php\/wp-json\/wp\/v2\/pages"}],"about":[{"href":"https:\/\/www.rlchornu.be\/index.php\/wp-json\/wp\/v2\/types\/page"}],"author":[{"embeddable":true,"href":"https:\/\/www.rlchornu.be\/index.php\/wp-json\/wp\/v2\/users\/1"}],"replies":[{"embeddable":true,"href":"https:\/\/www.rlchornu.be\/index.php\/wp-json\/wp\/v2\/comments?post=101"}],"version-history":[{"count":1,"href":"https:\/\/www.rlchornu.be\/index.php\/wp-json\/wp\/v2\/pages\/101\/revisions"}],"predecessor-version":[{"id":102,"href":"https:\/\/www.rlchornu.be\/index.php\/wp-json\/wp\/v2\/pages\/101\/revisions\/102"}],"wp:attachment":[{"href":"https:\/\/www.rlchornu.be\/index.php\/wp-json\/wp\/v2\/media?parent=101"}],"curies":[{"name":"wp","href":"https:\/\/api.w.org\/{rel}","templated":true}]}}